{"id":134,"date":"2019-08-21T18:09:18","date_gmt":"2019-08-21T18:09:18","guid":{"rendered":"http:\/\/martindubeshow.com\/?page_id=134"},"modified":"2021-01-22T20:55:19","modified_gmt":"2021-01-22T20:55:19","slug":"biographie","status":"publish","type":"page","link":"http:\/\/martindubeshow.com\/en\/biographie\/","title":{"rendered":"BIOGRAPHY"},"content":{"rendered":"<p><div class=\"fusion-fullwidth fullwidth-box fusion-builder-row-1 fusion-parallax-none nonhundred-percent-fullwidth non-hundred-percent-height-scrolling\" style=\"--awb-background-position:center bottom;--awb-border-radius-top-left:0px;--awb-border-radius-top-right:0px;--awb-border-radius-bottom-right:0px;--awb-border-radius-bottom-left:0px;--awb-padding-top:15%;--awb-padding-bottom:9%;--awb-background-color:#07070a;--awb-background-image:url(&quot;http:\/\/martindubeshow.com\/wp-content\/uploads\/2021\/01\/timemachine-74-scaled.jpg&quot;);--awb-background-size:cover;--awb-flex-wrap:wrap;\" ><div class=\"fusion-builder-row fusion-row\"><div class=\"fusion-layout-column fusion_builder_column fusion-builder-column-0 fusion_builder_column_1_1 1_1 fusion-one-full fusion-column-first fusion-column-last fusion-animated\" style=\"--awb-bg-size:cover;--awb-margin-bottom:0px;\" data-animationType=\"fadeInDown\" data-animationDuration=\"1.0\" data-animationOffset=\"top-into-view\"><div class=\"fusion-column-wrapper fusion-column-has-shadow fusion-flex-column-wrapper-legacy\"><div class=\"fusion-title title fusion-title-1 fusion-sep-none fusion-title-center fusion-title-text fusion-title-size-one\" style=\"--awb-margin-bottom:0px;--awb-margin-bottom-small:0px;\"><h1 class=\"fusion-title-heading title-heading-center fusion-responsive-typography-calculated\" style=\"margin:0;--fontSize:95;line-height:1.4;\">QUI EST MARTIN DUB\u00c9?<\/h1><\/div><div class=\"fusion-title title fusion-title-2 fusion-sep-none fusion-title-center fusion-title-text fusion-title-size-two\" style=\"--awb-text-color:#46b1fd;--awb-font-size:20px;\"><h2 class=\"fusion-title-heading title-heading-center fusion-responsive-typography-calculated\" style=\"margin:0;font-size:1em;--fontSize:20;--minFontSize:20;line-height:1.5;\">CHANTEUR \/ IMITATEUR \/ HUMORISTE<\/h2><\/div><div class=\"fusion-clearfix\"><\/div><\/div><\/div><\/div><\/div><div class=\"fusion-fullwidth fullwidth-box fusion-builder-row-2 hundred-percent-fullwidth non-hundred-percent-height-scrolling fusion-equal-height-columns\" style=\"--link_hover_color: #c12a2a;--link_color: #c12a2a;--awb-border-radius-top-left:0px;--awb-border-radius-top-right:0px;--awb-border-radius-bottom-right:0px;--awb-border-radius-bottom-left:0px;--awb-padding-right:0px;--awb-padding-left:0px;--awb-flex-wrap:wrap;\" ><div class=\"fusion-builder-row fusion-row\"><div class=\"fusion-layout-column fusion_builder_column fusion-builder-column-1 fusion_builder_column_1_2 1_2 fusion-one-half fusion-column-first fusion-column-inner-bg-wrapper\" style=\"--awb-inner-bg-image:url(&#039;http:\/\/martindubeshow.com\/wp-content\/uploads\/2021\/01\/2015-05-21_martin22068-scaled.jpg&#039;);--awb-inner-bg-position:center center;--awb-inner-bg-size:cover;--awb-margin-bottom:0px;width:50%;width:calc(50% - ( ( 0px ) * 0.5 ) );margin-right: 0px;\"><span class=\"fusion-column-inner-bg hover-type-zoomin\"><span class=\"fusion-column-anchor\"><span class=\"fusion-column-inner-bg-image\"><\/span><\/span><\/span><div class=\"fusion-column-wrapper fusion-column-has-shadow fusion-flex-column-wrapper-legacy fusion-empty-column-bg-image fusion-column-has-bg-image\" data-bg-url=\"http:\/\/martindubeshow.com\/wp-content\/uploads\/2021\/01\/2015-05-21_martin22068-scaled.jpg\"><img decoding=\"async\" class=\"fusion-empty-dims-img-placeholder fusion-no-large-visibility\" src=\"data:image\/svg+xml,%3Csvg%20xmlns%3D%27http%3A%2F%2Fwww.w3.org%2F2000%2Fsvg%27%20width%3D%271707%27%20height%3D%272560%27%20viewBox%3D%270%200%201707%202560%27%3E%3Crect%20width%3D%271707%27%20height%3D%272560%27%20fill-opacity%3D%220%22%2F%3E%3C%2Fsvg%3E\"><div class=\"fusion-clearfix\"><\/div><\/div><\/div><div class=\"fusion-layout-column fusion_builder_column fusion-builder-column-2 fusion_builder_column_1_2 1_2 fusion-one-half fusion-column-last\" style=\"--awb-padding-top:60px;--awb-padding-right:60px;--awb-padding-bottom:60px;--awb-padding-left:60px;--awb-bg-size:cover;--awb-border-color:#c12a2a;--awb-border-top:5px;--awb-border-style:solid;--awb-margin-bottom:0px;width:50%;width:calc(50% - ( ( 0px ) * 0.5 ) );\"><div class=\"fusion-column-wrapper fusion-column-has-shadow fusion-flex-column-wrapper-legacy\"><div class=\"fusion-title title fusion-title-3 fusion-sep-none fusion-title-text fusion-title-size-two\" style=\"--awb-margin-bottom:10px;--awb-margin-bottom-small:10px;\"><h2 class=\"fusion-title-heading title-heading-left fusion-responsive-typography-calculated\" style=\"margin:0;letter-spacing:0px;--fontSize:55;line-height:1.5;\">MARTIN DUB\u00c9<\/h2><\/div><div class=\"fusion-title title fusion-title-4 fusion-sep-none fusion-title-text fusion-title-size-five\" style=\"--awb-text-color:#ffffff;--awb-margin-top:30px;--awb-margin-bottom:10px;--awb-margin-top-small:30px;--awb-margin-bottom-small:10px;--awb-font-size:20px;\"><h5 class=\"fusion-title-heading title-heading-left fusion-responsive-typography-calculated\" style=\"margin:0;font-size:1em;--fontSize:20;--minFontSize:20;line-height:1.5;\"><strong>BIOGRAPHIE<\/strong><\/h5><\/div><div class=\"fusion-text fusion-text-1\"><div class=\"gmail_default\">\n<p><span style=\"font-family: verdana, sans-serif;\">Dot\u00e9 d\u2019un talent unique avec une voix de 5 octaves et un registre de plus de 500 voix,\u00a0<span class=\"il\">Martin<\/span>\u00a0<span class=\"il\">Dub\u00e9<\/span>\u00a0a fait le tour de la plan\u00e8te.\u00a0<\/span><\/p>\n<p>\u00a0<\/p>\n<p><span style=\"font-family: verdana, sans-serif;\">Du\u00a0Caesar\u2019s\u00a0Palace \u00e0 la Scala de Milan, il a donn\u00e9 67 spectacles au prestigieux Moulin Rouge, il a travaill\u00e9 avec le producteur de la populaire \u00e9mission Saturday Night Live pour ses spectacles anglais, a anim\u00e9 le pr\u00e9-gala de la 75e\u00a0c\u00e9r\u00e9monie des Oscars \u00e0 Beverly Hills en compagnie de Kate Hudson et a fait la premi\u00e8re partie des Pointer Sisters. Il a \u00e9t\u00e9 demi-finalistes \u00e0 la populaire \u00e9mission \u00ab\u00a0La France a un incroyable talent\u00a0\u00bb o\u00f9 il a chant\u00e9 devant des millions de t\u00e9l\u00e9spectateurs.<\/span><\/p>\n<p>\u00a0<\/p>\n<p><span style=\"font-family: verdana, sans-serif;\">Au cours de sa carri\u00e8re, il a fait les premi\u00e8res parties de chanteurs tels Corey Hart, Roch Voisine et a chant\u00e9 devant le Prince Albert de Monaco au Casino de Monaco. Son r\u00e9pertoire inclut des voix d\u2019op\u00e9ra, de pop, de rock, d\u2019Andrea\u00a0Bocelli, d\u2019\u00c9dith Piaf, de Francis Cabrel, de Michael Jackson, de Madonna, de\u00a0Maroon\u00a05, de Mark Anthony, d\u2019Enrike\u00a0Iglesias et de plusieurs autres.<\/span><\/p>\n<\/div>\n<div dir=\"ltr\">\u00a0<\/div>\n<\/div><div class=\"fusion-social-links fusion-social-links-1\" style=\"--awb-margin-top:0px;--awb-margin-right:0px;--awb-margin-bottom:0px;--awb-margin-left:0px;--awb-box-border-top:0px;--awb-box-border-right:0px;--awb-box-border-bottom:0px;--awb-box-border-left:0px;--awb-icon-colors-hover:rgba(190,189,189,0.8);--awb-box-colors-hover:rgba(232,232,232,0.8);--awb-box-border-color:var(--awb-color3);--awb-box-border-color-hover:var(--awb-color4);\"><div class=\"fusion-social-networks color-type-custom\"><div class=\"fusion-social-networks-wrapper\"><a class=\"fusion-social-network-icon fusion-tooltip fusion-facebook awb-icon-facebook\" style=\"color:#bebdbd;font-size:16px;\" data-placement=\"top\" data-title=\"Facebook\" data-toggle=\"tooltip\" title=\"Facebook\" aria-label=\"facebook\" target=\"_blank\" rel=\"noopener noreferrer\" href=\"https:\/\/www.facebook.com\/martindube.biz\"><\/a><a class=\"fusion-social-network-icon fusion-tooltip fusion-twitter awb-icon-twitter\" style=\"color:#bebdbd;font-size:16px;\" data-placement=\"top\" data-title=\"X\" data-toggle=\"tooltip\" title=\"X\" aria-label=\"twitter\" target=\"_blank\" rel=\"noopener noreferrer\" href=\"https:\/\/twitter.com\/MartinDubeShow\"><\/a><a class=\"fusion-social-network-icon fusion-tooltip fusion-instagram awb-icon-instagram\" style=\"color:#bebdbd;font-size:16px;\" data-placement=\"top\" data-title=\"Instagram\" data-toggle=\"tooltip\" title=\"Instagram\" aria-label=\"instagram\" target=\"_blank\" rel=\"noopener noreferrer\" href=\"https:\/\/www.instagram.com\/martindubeshow\/\"><\/a><\/div><\/div><\/div><div class=\"fusion-title title fusion-title-5 fusion-sep-none fusion-title-text fusion-title-size-five\" style=\"--awb-text-color:#ffffff;--awb-margin-top:40px;--awb-margin-bottom:20px;--awb-margin-top-small:40px;--awb-margin-bottom-small:20px;--awb-font-size:20px;\"><h5 class=\"fusion-title-heading title-heading-left fusion-responsive-typography-calculated\" style=\"margin:0;font-size:1em;--fontSize:20;--minFontSize:20;line-height:1.5;\"><strong>PHOTOS<\/strong><\/h5><\/div><div class=\"awb-gallery-wrapper awb-gallery-wrapper-1 button-span-no\"><div style=\"margin:-10px;--awb-bordersize:0px;\" class=\"fusion-gallery fusion-gallery-container fusion-grid-3 fusion-columns-total-6 fusion-gallery-layout-grid fusion-gallery-1\"><div style=\"padding:10px;\" class=\"fusion-grid-column fusion-gallery-column fusion-gallery-column-3 hover-type-zoomin\"><div class=\"fusion-gallery-image\"><a href=\"http:\/\/martindubeshow.com\/wp-content\/uploads\/2021\/01\/Martin-6-scaled.jpg\" rel=\"noreferrer\" data-rel=\"iLightbox[gallery_image_1]\" class=\"fusion-lightbox\" target=\"_self\"><img fetchpriority=\"high\" fetchpriority=\"high\" decoding=\"async\" src=\"http:\/\/martindubeshow.com\/wp-content\/uploads\/2021\/01\/Martin-6-scaled.jpg\" width=\"2560\" height=\"1707\" alt=\"\" title=\"Martin-6\" aria-label=\"Martin-6\" class=\"img-responsive wp-image-268\" srcset=\"http:\/\/martindubeshow.com\/wp-content\/uploads\/2021\/01\/Martin-6-200x133.jpg 200w, http:\/\/martindubeshow.com\/wp-content\/uploads\/2021\/01\/Martin-6-400x267.jpg 400w, http:\/\/martindubeshow.com\/wp-content\/uploads\/2021\/01\/Martin-6-600x400.jpg 600w, http:\/\/martindubeshow.com\/wp-content\/uploads\/2021\/01\/Martin-6-800x533.jpg 800w, http:\/\/martindubeshow.com\/wp-content\/uploads\/2021\/01\/Martin-6-1200x800.jpg 1200w, http:\/\/martindubeshow.com\/wp-content\/uploads\/2021\/01\/Martin-6-scaled.jpg 2560w\" sizes=\"(min-width: 2200px) 100vw, (min-width: 704px) 383px, (min-width: 672px) 575px, (min-width: 640px) 672px, \" \/><\/a><\/div><\/div><div style=\"padding:10px;\" class=\"fusion-grid-column fusion-gallery-column fusion-gallery-column-3 hover-type-zoomin\"><div class=\"fusion-gallery-image\"><a href=\"http:\/\/martindubeshow.com\/wp-content\/uploads\/2021\/01\/IMG_0214-scaled.jpg\" rel=\"noreferrer\" data-rel=\"iLightbox[gallery_image_1]\" class=\"fusion-lightbox\" target=\"_self\"><img decoding=\"async\" src=\"http:\/\/martindubeshow.com\/wp-content\/uploads\/2021\/01\/IMG_0214-scaled.jpg\" width=\"2560\" height=\"1707\" alt=\"\" title=\"IMG_0214\" aria-label=\"IMG_0214\" class=\"img-responsive wp-image-269\" srcset=\"http:\/\/martindubeshow.com\/wp-content\/uploads\/2021\/01\/IMG_0214-200x133.jpg 200w, http:\/\/martindubeshow.com\/wp-content\/uploads\/2021\/01\/IMG_0214-400x267.jpg 400w, http:\/\/martindubeshow.com\/wp-content\/uploads\/2021\/01\/IMG_0214-600x400.jpg 600w, http:\/\/martindubeshow.com\/wp-content\/uploads\/2021\/01\/IMG_0214-800x533.jpg 800w, http:\/\/martindubeshow.com\/wp-content\/uploads\/2021\/01\/IMG_0214-1200x800.jpg 1200w, http:\/\/martindubeshow.com\/wp-content\/uploads\/2021\/01\/IMG_0214-scaled.jpg 2560w\" sizes=\"(min-width: 2200px) 100vw, (min-width: 704px) 383px, (min-width: 672px) 575px, (min-width: 640px) 672px, \" \/><\/a><\/div><\/div><div style=\"padding:10px;\" class=\"fusion-grid-column fusion-gallery-column fusion-gallery-column-3 hover-type-zoomin\"><div class=\"fusion-gallery-image\"><a href=\"http:\/\/martindubeshow.com\/wp-content\/uploads\/2021\/01\/timemachine-299-scaled.jpg\" rel=\"noreferrer\" data-rel=\"iLightbox[gallery_image_1]\" class=\"fusion-lightbox\" target=\"_self\"><img decoding=\"async\" src=\"http:\/\/martindubeshow.com\/wp-content\/uploads\/2021\/01\/timemachine-299-scaled.jpg\" width=\"2560\" height=\"1703\" alt=\"\" title=\"timemachine-299\" aria-label=\"timemachine-299\" class=\"img-responsive wp-image-270\" srcset=\"http:\/\/martindubeshow.com\/wp-content\/uploads\/2021\/01\/timemachine-299-200x133.jpg 200w, http:\/\/martindubeshow.com\/wp-content\/uploads\/2021\/01\/timemachine-299-400x266.jpg 400w, http:\/\/martindubeshow.com\/wp-content\/uploads\/2021\/01\/timemachine-299-600x399.jpg 600w, http:\/\/martindubeshow.com\/wp-content\/uploads\/2021\/01\/timemachine-299-800x532.jpg 800w, http:\/\/martindubeshow.com\/wp-content\/uploads\/2021\/01\/timemachine-299-1200x798.jpg 1200w, http:\/\/martindubeshow.com\/wp-content\/uploads\/2021\/01\/timemachine-299-scaled.jpg 2560w\" sizes=\"(min-width: 2200px) 100vw, (min-width: 704px) 383px, (min-width: 672px) 575px, (min-width: 640px) 672px, \" \/><\/a><\/div><\/div><div class=\"clearfix\"><\/div><div style=\"padding:10px;\" class=\"fusion-grid-column fusion-gallery-column fusion-gallery-column-3 hover-type-zoomin\"><div class=\"fusion-gallery-image\"><a href=\"http:\/\/martindubeshow.com\/wp-content\/uploads\/2021\/01\/IMG_0305-scaled.jpg\" rel=\"noreferrer\" data-rel=\"iLightbox[gallery_image_1]\" class=\"fusion-lightbox\" target=\"_self\"><img loading=\"lazy\" loading=\"lazy\" decoding=\"async\" src=\"http:\/\/martindubeshow.com\/wp-content\/uploads\/2021\/01\/IMG_0305-scaled.jpg\" width=\"2560\" height=\"1631\" alt=\"\" title=\"IMG_0305\" aria-label=\"IMG_0305\" class=\"img-responsive wp-image-271\" srcset=\"http:\/\/martindubeshow.com\/wp-content\/uploads\/2021\/01\/IMG_0305-200x127.jpg 200w, http:\/\/martindubeshow.com\/wp-content\/uploads\/2021\/01\/IMG_0305-400x255.jpg 400w, http:\/\/martindubeshow.com\/wp-content\/uploads\/2021\/01\/IMG_0305-600x382.jpg 600w, http:\/\/martindubeshow.com\/wp-content\/uploads\/2021\/01\/IMG_0305-800x510.jpg 800w, http:\/\/martindubeshow.com\/wp-content\/uploads\/2021\/01\/IMG_0305-1200x765.jpg 1200w, http:\/\/martindubeshow.com\/wp-content\/uploads\/2021\/01\/IMG_0305-scaled.jpg 2560w\" sizes=\"auto, (min-width: 2200px) 100vw, (min-width: 704px) 383px, (min-width: 672px) 575px, (min-width: 640px) 672px, \" \/><\/a><\/div><\/div><div style=\"padding:10px;\" class=\"fusion-grid-column fusion-gallery-column fusion-gallery-column-3 hover-type-zoomin\"><div class=\"fusion-gallery-image\"><a href=\"http:\/\/martindubeshow.com\/wp-content\/uploads\/2021\/01\/178.jpg\" rel=\"noreferrer\" data-rel=\"iLightbox[gallery_image_1]\" class=\"fusion-lightbox\" target=\"_self\"><img loading=\"lazy\" loading=\"lazy\" decoding=\"async\" src=\"http:\/\/martindubeshow.com\/wp-content\/uploads\/2021\/01\/178.jpg\" width=\"1772\" height=\"1181\" alt=\"\" title=\"178\" aria-label=\"178\" class=\"img-responsive wp-image-272\" srcset=\"http:\/\/martindubeshow.com\/wp-content\/uploads\/2021\/01\/178-200x133.jpg 200w, http:\/\/martindubeshow.com\/wp-content\/uploads\/2021\/01\/178-400x267.jpg 400w, http:\/\/martindubeshow.com\/wp-content\/uploads\/2021\/01\/178-600x400.jpg 600w, http:\/\/martindubeshow.com\/wp-content\/uploads\/2021\/01\/178-800x533.jpg 800w, http:\/\/martindubeshow.com\/wp-content\/uploads\/2021\/01\/178-1200x800.jpg 1200w, http:\/\/martindubeshow.com\/wp-content\/uploads\/2021\/01\/178.jpg 1772w\" sizes=\"auto, (min-width: 2200px) 100vw, (min-width: 704px) 383px, (min-width: 672px) 575px, (min-width: 640px) 672px, \" \/><\/a><\/div><\/div><div style=\"padding:10px;\" class=\"fusion-grid-column fusion-gallery-column fusion-gallery-column-3 hover-type-zoomin\"><div class=\"fusion-gallery-image\"><a href=\"http:\/\/martindubeshow.com\/wp-content\/uploads\/2021\/01\/timemachine-327-scaled.jpg\" rel=\"noreferrer\" data-rel=\"iLightbox[gallery_image_1]\" class=\"fusion-lightbox\" target=\"_self\"><img loading=\"lazy\" loading=\"lazy\" decoding=\"async\" src=\"http:\/\/martindubeshow.com\/wp-content\/uploads\/2021\/01\/timemachine-327-scaled.jpg\" width=\"2560\" height=\"1703\" alt=\"\" title=\"timemachine-327\" aria-label=\"timemachine-327\" class=\"img-responsive wp-image-273\" srcset=\"http:\/\/martindubeshow.com\/wp-content\/uploads\/2021\/01\/timemachine-327-200x133.jpg 200w, http:\/\/martindubeshow.com\/wp-content\/uploads\/2021\/01\/timemachine-327-400x266.jpg 400w, http:\/\/martindubeshow.com\/wp-content\/uploads\/2021\/01\/timemachine-327-600x399.jpg 600w, http:\/\/martindubeshow.com\/wp-content\/uploads\/2021\/01\/timemachine-327-800x532.jpg 800w, http:\/\/martindubeshow.com\/wp-content\/uploads\/2021\/01\/timemachine-327-1200x798.jpg 1200w, http:\/\/martindubeshow.com\/wp-content\/uploads\/2021\/01\/timemachine-327-scaled.jpg 2560w\" sizes=\"auto, (min-width: 2200px) 100vw, (min-width: 704px) 383px, (min-width: 672px) 575px, (min-width: 640px) 672px, \" \/><\/a><\/div><\/div><div class=\"clearfix\"><\/div><\/div><\/div><div class=\"fusion-clearfix\"><\/div><\/div><\/div><\/div><\/div><div class=\"fusion-fullwidth fullwidth-box fusion-builder-row-3 nonhundred-percent-fullwidth non-hundred-percent-height-scrolling\" style=\"--awb-border-radius-top-left:0px;--awb-border-radius-top-right:0px;--awb-border-radius-bottom-right:0px;--awb-border-radius-bottom-left:0px;--awb-padding-top:6%;--awb-padding-bottom:12%;--awb-flex-wrap:wrap;\" ><div class=\"fusion-builder-row fusion-row\"><div class=\"fusion-layout-column fusion_builder_column fusion-builder-column-3 fusion_builder_column_1_1 1_1 fusion-one-full fusion-column-first fusion-column-last fusion-column-no-min-height fusion-animated\" style=\"--awb-padding-top:40px;--awb-padding-right:15%;--awb-padding-bottom:60px;--awb-padding-left:15%;--awb-bg-size:cover;--awb-margin-bottom:0px;\" data-animationType=\"fadeInDown\" data-animationDuration=\"1.0\" data-animationOffset=\"top-into-view\"><div class=\"fusion-column-wrapper fusion-column-has-shadow fusion-flex-column-wrapper-legacy\"><div class=\"fusion-title title fusion-title-6 fusion-sep-none fusion-title-center fusion-title-text fusion-title-size-two\" style=\"--awb-text-color:#f63c81;--awb-margin-bottom:0px;--awb-margin-bottom-small:0px;--awb-font-size:20px;\"><h2 class=\"fusion-title-heading title-heading-center fusion-responsive-typography-calculated\" style=\"margin:0;font-size:1em;--fontSize:20;--minFontSize:20;line-height:1.5;\"><b>D\u00c9COUVRIR MARTIN<\/b><\/h2><\/div><div class=\"fusion-title title fusion-title-7 fusion-sep-none fusion-title-center fusion-title-text fusion-title-size-three\" style=\"--awb-text-color:#ffffff;--awb-margin-bottom:20px;--awb-margin-bottom-small:20px;--awb-font-size:55px;\"><h3 class=\"fusion-title-heading title-heading-center fusion-responsive-typography-calculated\" style=\"margin:0;font-size:1em;--fontSize:55;line-height:1.3;\">LE VID\u00c9O<\/h3><\/div><div class=\"fusion-clearfix\"><\/div><\/div><\/div><div class=\"fusion-layout-column fusion_builder_column fusion-builder-column-4 fusion_builder_column_1_1 1_1 fusion-one-full fusion-column-first fusion-column-last\" style=\"--awb-overflow:hidden;--awb-bg-size:cover;--awb-box-shadow:0px 0px 37px 15px #000000;;--awb-border-radius:6px 6px 6px 6px;--awb-margin-bottom:0px;\"><div class=\"fusion-column-wrapper fusion-column-has-shadow fusion-flex-column-wrapper-legacy\"><div class=\"fusion-video fusion-youtube fusion-aligncenter\" style=\"--awb-max-width:1920px;--awb-max-height:1080px;--awb-width:100%;\"><div class=\"video-shortcode\"><div class=\"fluid-width-video-wrapper\" style=\"padding-top:56.25%;\" ><iframe title=\"YouTube video player 1\" src=\"https:\/\/www.youtube.com\/embed\/iOeqy4EiNZo?wmode=transparent&autoplay=0\" width=\"1920\" height=\"1080\" allowfullscreen allow=\"autoplay; fullscreen\"><\/iframe><\/div><\/div><\/div><div class=\"fusion-clearfix\"><\/div><\/div><\/div><\/div><\/div><\/p>\n","protected":false},"excerpt":{"rendered":"","protected":false},"author":1,"featured_media":0,"parent":0,"menu_order":0,"comment_status":"closed","ping_status":"closed","template":"100-width.php","meta":{"footnotes":""},"class_list":["post-134","page","type-page","status-publish","hentry"],"_links":{"self":[{"href":"http:\/\/martindubeshow.com\/en\/wp-json\/wp\/v2\/pages\/134","targetHints":{"allow":["GET"]}}],"collection":[{"href":"http:\/\/martindubeshow.com\/en\/wp-json\/wp\/v2\/pages"}],"about":[{"href":"http:\/\/martindubeshow.com\/en\/wp-json\/wp\/v2\/types\/page"}],"author":[{"embeddable":true,"href":"http:\/\/martindubeshow.com\/en\/wp-json\/wp\/v2\/users\/1"}],"replies":[{"embeddable":true,"href":"http:\/\/martindubeshow.com\/en\/wp-json\/wp\/v2\/comments?post=134"}],"version-history":[{"count":16,"href":"http:\/\/martindubeshow.com\/en\/wp-json\/wp\/v2\/pages\/134\/revisions"}],"predecessor-version":[{"id":311,"href":"http:\/\/martindubeshow.com\/en\/wp-json\/wp\/v2\/pages\/134\/revisions\/311"}],"wp:attachment":[{"href":"http:\/\/martindubeshow.com\/en\/wp-json\/wp\/v2\/media?parent=134"}],"curies":[{"name":"wp","href":"https:\/\/api.w.org\/{rel}","templated":true}]}}